{"id":1037,"date":"2017-12-05T01:42:29","date_gmt":"2017-12-05T01:42:29","guid":{"rendered":"http:\/\/flor-do-vale.pt\/?page_id=1037"},"modified":"2018-09-05T15:35:07","modified_gmt":"2018-09-05T15:35:07","slug":"queijos-curados","status":"publish","type":"page","link":"http:\/\/flor-do-vale.pt\/index.php\/queijos-curados\/","title":{"rendered":"Queijos Curados"},"content":{"rendered":"<div id=\"pl-1037\"  class=\"panel-layout\" ><div id=\"pg-1037-0\"  class=\"panel-grid panel-has-style\" ><div class=\"siteorigin-panels-stretch panel-row-style panel-row-style-for-1037-0\" data-stretch-type=\"full-stretched\" ><div id=\"pgc-1037-0-0\"  class=\"panel-grid-cell\" ><div id=\"panel-1037-0-0-0\" class=\"so-panel widget widget_sow-headline panel-first-child\" data-index=\"0\" ><div class=\"panel-widget-style panel-widget-style-for-1037-0-0-0\" ><div\n\t\t\t\n\t\t\tclass=\"so-widget-sow-headline so-widget-sow-headline-default-79fb05429eeb-1037 so-widget-fittext-wrapper\"\n\t\t\t data-fit-text-compressor=\"0.85\"\n\t\t><div class=\"sow-headline-container \">\n\t\t\t\t\t\t\t<h1 class=\"sow-headline\">\n\t\t\t\t\t\tQueijos Curados\t\t\t\t\t\t<\/h1>\n\t\t\t\t\t\t\t\t\t\t\t<div class=\"decoration\">\n\t\t\t\t\t\t<div class=\"decoration-inside\"><\/div>\n\t\t\t\t\t<\/div>\n\t\t\t\t\t<\/div>\n<\/div><\/div><\/div><div id=\"panel-1037-0-0-1\" class=\"widget_text so-panel widget widget_custom_html panel-last-child\" data-index=\"1\" ><div class=\"widget_text panel-widget-style panel-widget-style-for-1037-0-0-1\" ><div class=\"textwidget custom-html-widget\"><p align=\"justify\">Feito de leite pasteurizado de vaca, a Flor do Vale coloca ao seu dispor um queijo de cura mais ou menos prolongada, podendo encontrar o nosso queijo amanteigado, o queijo de pasta mole e o queijo de pasta semi-dura. O paladar pode variar de mais ou menos intenso e acidulado, sendo ainda marcado pela nota quente do piment\u00e3o-doce, na variedade barrada.<br> \n<p align=\"justify\">Na variedade de queijo curado de cabra, feito igualmente de leite pasteurizado, temos o nosso Capricho de Cabra e o Caprichoso.<br>\n \n<\/div><\/div><\/div><\/div><\/div><\/div><div id=\"pg-1037-1\"  class=\"panel-grid panel-has-style\" ><div class=\"siteorigin-panels-stretch panel-row-style panel-row-style-for-1037-1\" data-stretch-type=\"full-stretched\" ><div id=\"pgc-1037-1-0\"  class=\"panel-grid-cell\" ><div id=\"panel-1037-1-0-0\" class=\"widget_text so-panel widget widget_custom_html panel-first-child panel-last-child\" data-index=\"2\" ><div class=\"textwidget custom-html-widget\">      <div id=\"post-grid-lazy-496\" class=\"post-grid-lazy\"><img decoding=\"async\" alt=\"\" src=\"\" \/><\/div>\n    <script>\n      jQuery('#post-grid-lazy-496').ready(function($) {\n        $('#post-grid-lazy-496').fadeOut();\n        $('#post-grid-496   ').fadeIn();\n      })\n    <\/script>\n    <style type=\"text\/css\">\n      #post-grid-496 {\n        display: none;\n      }\n\n      .post-grid-lazy {\n        text-align: center;\n      }\n    <\/style>\n    <div data-options='{&quot;id&quot;:&quot;496&quot;,&quot;lazy_load&quot;:&quot;yes&quot;,&quot;masonry_enable&quot;:&quot;no&quot;,&quot;view_type&quot;:&quot;grid&quot;}' id=\"post-grid-496\" class=\"post-grid grid\">\n    \n\n\n    <div class=\"grid-items\">\n      <div class=\"item item-2723 skin flat even 0 \">\n        <div class=\"layer-wrapper layout-\">\n        <div class=\"layer-media\"><a href=\"http:\/\/flor-do-vale.pt\/index.php\/2018\/09\/05\/queijo-curado-rolha\/\"><img decoding=\"async\" alt=\"\" src=\"http:\/\/flor-do-vale.pt\/wp-content\/uploads\/2018\/08\/Rolha-1.jpg\" \/><\/a><\/div>\n  <div class=\"layer-content\">\n        <div class=\"element element_0  title \">\r\n                    <a target=\"\"\r\n                href=\"http:\/\/flor-do-vale.pt\/index.php\/2018\/09\/05\/queijo-curado-rolha\/\">Queijo Curado Rolha<\/a>\r\n            <\/div>\r\n    <div class=\"element element_1  excerpt \">\r\n                    <\/div>\r\n  <\/div>\n    <\/div>\n  <\/div><div class=\"item item-2700 skin flat odd 1 \">\n        <div class=\"layer-wrapper layout-\">\n        <div class=\"layer-media\"><a href=\"http:\/\/flor-do-vale.pt\/index.php\/2018\/09\/05\/queijo-curado-r6\/\"><img decoding=\"async\" alt=\"\" src=\"http:\/\/flor-do-vale.pt\/wp-content\/uploads\/2018\/08\/R6-1.jpg\" \/><\/a><\/div>\n  <div class=\"layer-content\">\n        <div class=\"element element_0  title \">\r\n                    <a target=\"\"\r\n                href=\"http:\/\/flor-do-vale.pt\/index.php\/2018\/09\/05\/queijo-curado-r6\/\">Queijo Curado R6<\/a>\r\n            <\/div>\r\n    <div class=\"element element_1  excerpt \">\r\n                    <\/div>\r\n  <\/div>\n    <\/div>\n  <\/div><div class=\"item item-2697 skin flat even 2 \">\n        <div class=\"layer-wrapper layout-\">\n        <div class=\"layer-media\"><a href=\"http:\/\/flor-do-vale.pt\/index.php\/2018\/09\/05\/queijo-curado-12-kg\/\"><img decoding=\"async\" alt=\"\" src=\"http:\/\/flor-do-vale.pt\/wp-content\/uploads\/2017\/08\/meio-kilo.jpg\" \/><\/a><\/div>\n  <div class=\"layer-content\">\n        <div class=\"element element_0  title \">\r\n                    <a target=\"\"\r\n                href=\"http:\/\/flor-do-vale.pt\/index.php\/2018\/09\/05\/queijo-curado-12-kg\/\">Queijo Curado 1\/2Kg<\/a>\r\n            <\/div>\r\n    <div class=\"element element_1  excerpt \">\r\n                    <\/div>\r\n  <\/div>\n    <\/div>\n  <\/div><div class=\"item item-2694 skin flat odd 3 \">\n        <div class=\"layer-wrapper layout-\">\n        <div class=\"layer-media\"><a href=\"http:\/\/flor-do-vale.pt\/index.php\/2018\/09\/05\/queijo-curado-12-kg-barrado-2\/\"><img decoding=\"async\" alt=\"\" src=\"http:\/\/flor-do-vale.pt\/wp-content\/uploads\/2017\/08\/Meio-Kilo-Barrado.jpg\" \/><\/a><\/div>\n  <div class=\"layer-content\">\n        <div class=\"element element_0  title \">\r\n                    <a target=\"\"\r\n                href=\"http:\/\/flor-do-vale.pt\/index.php\/2018\/09\/05\/queijo-curado-12-kg-barrado-2\/\">Queijo Curado 1\/2 Kg Barrado<\/a>\r\n            <\/div>\r\n    <div class=\"element element_1  excerpt \">\r\n                    <\/div>\r\n  <\/div>\n    <\/div>\n  <\/div><div class=\"item item-2691 skin flat even 4 \">\n        <div class=\"layer-wrapper layout-\">\n        <div class=\"layer-media\"><a href=\"http:\/\/flor-do-vale.pt\/index.php\/2018\/09\/05\/queijo-curado-amanteigado-120g\/\"><img decoding=\"async\" alt=\"\" src=\"http:\/\/flor-do-vale.pt\/wp-content\/uploads\/2017\/08\/amanteigado-120g.jpg\" \/><\/a><\/div>\n  <div class=\"layer-content\">\n        <div class=\"element element_0  title \">\r\n                    <a target=\"\"\r\n                href=\"http:\/\/flor-do-vale.pt\/index.php\/2018\/09\/05\/queijo-curado-amanteigado-120g\/\">Queijo Curado Amanteigado 120g<\/a>\r\n            <\/div>\r\n    <div class=\"element element_1  excerpt \">\r\n                    <\/div>\r\n  <\/div>\n    <\/div>\n  <\/div><div class=\"item item-2703 skin flat odd 5 \">\n        <div class=\"layer-wrapper layout-\">\n        <div class=\"layer-media\"><a href=\"http:\/\/flor-do-vale.pt\/index.php\/2017\/09\/05\/queijo-curado-amanteigado-250g\/\"><img decoding=\"async\" alt=\"\" src=\"http:\/\/flor-do-vale.pt\/wp-content\/uploads\/2018\/09\/amanteigado-250g.jpg\" \/><\/a><\/div>\n  <div class=\"layer-content\">\n        <div class=\"element element_0  title \">\r\n                    <a target=\"\"\r\n                href=\"http:\/\/flor-do-vale.pt\/index.php\/2017\/09\/05\/queijo-curado-amanteigado-250g\/\">Queijo Curado Amanteigado 250g<\/a>\r\n            <\/div>\r\n    <div class=\"element element_1  excerpt \">\r\n                    <\/div>\r\n  <\/div>\n    <\/div>\n  <\/div><div class=\"item item-460 skin flat even 6 \">\n        <div class=\"layer-wrapper layout-\">\n        <div class=\"layer-media\"><a href=\"http:\/\/flor-do-vale.pt\/index.php\/2017\/08\/31\/queijo-curado-kg\/\"><img decoding=\"async\" alt=\"\" src=\"http:\/\/flor-do-vale.pt\/wp-content\/uploads\/2018\/09\/Kilo.jpg\" \/><\/a><\/div>\n  <div class=\"layer-content\">\n        <div class=\"element element_0  title \">\r\n                    <a target=\"\"\r\n                href=\"http:\/\/flor-do-vale.pt\/index.php\/2017\/08\/31\/queijo-curado-kg\/\">Queijo Curado Kg<\/a>\r\n            <\/div>\r\n    <div class=\"element element_1  excerpt \">\r\n                    <\/div>\r\n  <\/div>\n    <\/div>\n  <\/div><div class=\"item item-457 skin flat odd 7 \">\n        <div class=\"layer-wrapper layout-\">\n        <div class=\"layer-media\"><a href=\"http:\/\/flor-do-vale.pt\/index.php\/2017\/08\/31\/queijo-curado-kg-barrado\/\"><img decoding=\"async\" alt=\"\" src=\"http:\/\/flor-do-vale.pt\/wp-content\/uploads\/2018\/09\/kilo-barrado.jpg\" \/><\/a><\/div>\n  <div class=\"layer-content\">\n        <div class=\"element element_0  title \">\r\n                    <a target=\"\"\r\n                href=\"http:\/\/flor-do-vale.pt\/index.php\/2017\/08\/31\/queijo-curado-kg-barrado\/\">Queijo Curado Kg Barrado<\/a>\r\n            <\/div>\r\n    <div class=\"element element_1  excerpt \">\r\n                    <\/div>\r\n  <\/div>\n    <\/div>\n  <\/div><div class=\"item item-454 skin flat even 8 \">\n        <div class=\"layer-wrapper layout-\">\n        <div class=\"layer-media\"><a href=\"http:\/\/flor-do-vale.pt\/index.php\/2017\/08\/31\/capricho-de-cabra\/\"><img decoding=\"async\" alt=\"\" src=\"http:\/\/flor-do-vale.pt\/wp-content\/uploads\/2018\/09\/Capricho-de-Cabra.jpg\" \/><\/a><\/div>\n  <div class=\"layer-content\">\n        <div class=\"element element_0  title \">\r\n                    <a target=\"\"\r\n                href=\"http:\/\/flor-do-vale.pt\/index.php\/2017\/08\/31\/capricho-de-cabra\/\">Capricho de Cabra<\/a>\r\n            <\/div>\r\n    <div class=\"element element_1  excerpt \">\r\n                    <\/div>\r\n  <\/div>\n    <\/div>\n  <\/div><div class=\"item item-451 skin flat odd 9 \">\n        <div class=\"layer-wrapper layout-\">\n        <div class=\"layer-media\"><a href=\"http:\/\/flor-do-vale.pt\/index.php\/2017\/08\/31\/caprichoso\/\"><img decoding=\"async\" alt=\"\" src=\"http:\/\/flor-do-vale.pt\/wp-content\/uploads\/2018\/09\/Caprichoso.jpg\" \/><\/a><\/div>\n  <div class=\"layer-content\">\n        <div class=\"element element_0  title \">\r\n                    <a target=\"\"\r\n                href=\"http:\/\/flor-do-vale.pt\/index.php\/2017\/08\/31\/caprichoso\/\">Caprichoso<\/a>\r\n            <\/div>\r\n    <div class=\"element element_1  excerpt \">\r\n                    <\/div>\r\n  <\/div>\n    <\/div>\n  <\/div>    <\/div>\n    <div class=\"pagination\">\n      <div class=\"paginate\">\n      <\/div>\n  <style type=\"text\/css\">\n    #post-grid-496 .pagination .page-numbers {\n      font-size: 17px;\n      color: #646464;\n      background: #646464;\n    }\n\n    #post-grid-496 .pagination .page-numbers:hover,\n    #post-grid-496 .pagination .page-numbers.current {\n      background: #4b4b4b;\n    }\n  <\/style>\n  <\/div>\n      <style type=\"text\/css\">\n      \/*Write your CSS code here*\/\/* queijos curados *\/\r\n#post-grid-496 .element_0{\r\n  \tfont-family: Marck Script;\r\n    text-align: center;\r\n    color: #413b30;\r\n  \tfont-size: 20px;\r\n  \tfont-weight:600;\r\n  \tpadding-top:10px;\r\n}\r\n@media (min-width: 768px){\r\n#post-grid-496 .item {\r\n   margin: 0.5% !important;\r\n}\r\n}    <\/style>\n      <script>\n          \/*Write your js code here*\/          <\/script>\n    <style type=\"text\/css\">\n    #post-grid-496 .element_0 {\n      display: block;font-size: 21px;line-height: normal;padding: 5px 10px;text-align: left;    }\n\n    #post-grid-496 .element_1 {\n      display: block;font-size: 12px;padding: 5px 10px;text-align: left;    }\n\n    #post-grid-496 .element_0:hover{}#post-grid-496 .element_1:hover{}  <\/style>\n  <style type=\"text\/css\">\n    #post-grid-496 {\n      padding: 0px;\n      background-color: #fff;\n          }\n\n    #post-grid-496 .item {\n      background: #cca858;\n          }\n\n    #post-grid-496 .item .layer-media {\n      height:auto;    }\n\n    @media only screen and (min-width: 0px) and (max-width: 767px) {\n      #post-grid-496 .grid-items {\n        text-align: center;\n              }\n\n      #post-grid-496 .item {\n        width: 100%;\n        margin: 0px;\n        display: inline-block;\n        vertical-align: top;\n        height:auto;      }\n    }\n\n    @media only screen and (min-width: 768px) and (max-width: 1023px) {\n      #post-grid-496 .grid-items {\n        text-align: center;\n              }\n\n      #post-grid-496 .item {\n        width: 25%;\n        margin: 0px;\n        display: inline-block;\n        vertical-align: top;\n        max-height:auto;      }\n    }\n\n    @media only screen and (min-width: 1024px) {\n      #post-grid-496 .grid-items {\n        text-align: center;\n              }\n\n      #post-grid-496 .item {\n        width: 25%;\n        display: inline-block;\n        margin: 0px;\n        vertical-align: top;\n        height:auto;      }\n    }\n\n      <\/style>\n  <\/div>\n<\/div><\/div><\/div><\/div><\/div><div id=\"pg-1037-2\"  class=\"panel-grid panel-has-style\" ><div class=\"siteorigin-panels-stretch panel-row-style panel-row-style-for-1037-2\" data-stretch-type=\"full-stretched\" ><div id=\"pgc-1037-2-0\"  class=\"panel-grid-cell\" ><div id=\"panel-1037-2-0-0\" class=\"so-panel widget widget_sow-headline panel-first-child panel-last-child\" data-index=\"3\" ><div\n\t\t\t\n\t\t\tclass=\"so-widget-sow-headline so-widget-sow-headline-default-7ca887e6e1bb-1037 so-widget-fittext-wrapper\"\n\t\t\t data-fit-text-compressor=\"0.85\"\n\t\t><div class=\"sow-headline-container \">\n\t\t\t\t\t\t\t<h1 class=\"sow-headline\">\n\t\t\t\t\t\tO Fabrico do Queijo Curado\t\t\t\t\t\t<\/h1>\n\t\t\t\t\t\t\t\t\t\t\t<div class=\"decoration\">\n\t\t\t\t\t\t<div class=\"decoration-inside\"><\/div>\n\t\t\t\t\t<\/div>\n\t\t\t\t\t<\/div>\n<\/div><\/div><\/div><\/div><\/div><div id=\"pg-1037-3\"  class=\"panel-grid panel-has-style\" ><div class=\"siteorigin-panels-stretch panel-row-style panel-row-style-for-1037-3\" data-stretch-type=\"full-stretched\" ><div id=\"pgc-1037-3-0\"  class=\"panel-grid-cell\" ><div class=\"panel-cell-style panel-cell-style-for-1037-3-0\" ><div id=\"panel-1037-3-0-0\" class=\"so-panel widget widget_sow-headline panel-first-child\" data-index=\"4\" ><div\n\t\t\t\n\t\t\tclass=\"so-widget-sow-headline so-widget-sow-headline-default-400a41318f75-1037 so-widget-fittext-wrapper\"\n\t\t\t data-fit-text-compressor=\"0.85\"\n\t\t><div class=\"sow-headline-container \">\n\t\t\t\t\t\t\t<h1 class=\"sow-headline\">\n\t\t\t\t\t\t1\u00ba Passo - Ordenha\t\t\t\t\t\t<\/h1>\n\t\t\t\t\t\t<\/div>\n<\/div><\/div><div id=\"panel-1037-3-0-1\" class=\"widget_text so-panel widget widget_custom_html panel-last-child\" data-index=\"5\" ><div class=\"widget_text panel-widget-style panel-widget-style-for-1037-3-0-1\" ><div class=\"textwidget custom-html-widget\">O primeiro passo \u00e9 ordenhar. S\u00f3 usamos o leite, fresco e natural, das nossas pr\u00f3prias vacas. N\u00e3o temos leite de outras explora\u00e7\u00f5es, assim podemos controlar a 100% a qualidade.<\/div><\/div><\/div><\/div><\/div><div id=\"pgc-1037-3-1\"  class=\"panel-grid-cell\" ><div class=\"panel-cell-style panel-cell-style-for-1037-3-1\" ><div id=\"panel-1037-3-1-0\" class=\"so-panel widget widget_sow-headline panel-first-child\" data-index=\"6\" ><div\n\t\t\t\n\t\t\tclass=\"so-widget-sow-headline so-widget-sow-headline-default-29604a07ee41-1037 so-widget-fittext-wrapper\"\n\t\t\t data-fit-text-compressor=\"0.85\"\n\t\t><div class=\"sow-headline-container \">\n\t\t\t\t\t\t\t<h1 class=\"sow-headline\">\n\t\t\t\t\t\t2\u00ba Passo - Pasteuriza\u00e7\u00e3o\t\t\t\t\t\t<\/h1>\n\t\t\t\t\t\t<\/div>\n<\/div><\/div><div id=\"panel-1037-3-1-1\" class=\"widget_text so-panel widget widget_custom_html panel-last-child\" data-index=\"7\" ><div class=\"widget_text panel-widget-style panel-widget-style-for-1037-3-1-1\" ><div class=\"textwidget custom-html-widget\">A primeira coisa que fazemos \u00e9 pasteurizar o leite. Logo de seguida adicionamos fermentos l\u00e1cteos, coalho e sal.\n\n<\/div><\/div><\/div><\/div><\/div><div id=\"pgc-1037-3-2\"  class=\"panel-grid-cell\" ><div class=\"panel-cell-style panel-cell-style-for-1037-3-2\" ><div id=\"panel-1037-3-2-0\" class=\"so-panel widget widget_sow-headline panel-first-child\" data-index=\"8\" ><div\n\t\t\t\n\t\t\tclass=\"so-widget-sow-headline so-widget-sow-headline-default-29604a07ee41-1037 so-widget-fittext-wrapper\"\n\t\t\t data-fit-text-compressor=\"0.85\"\n\t\t><div class=\"sow-headline-container \">\n\t\t\t\t\t\t\t<h1 class=\"sow-headline\">\n\t\t\t\t\t\t3\u00ba Passo - Coalhada\t\t\t\t\t\t<\/h1>\n\t\t\t\t\t\t<\/div>\n<\/div><\/div><div id=\"panel-1037-3-2-1\" class=\"widget_text so-panel widget widget_custom_html panel-last-child\" data-index=\"9\" ><div class=\"widget_text panel-widget-style panel-widget-style-for-1037-3-2-1\" ><div class=\"textwidget custom-html-widget\">Em menos de uma hora temos a coalhada.<\/div><\/div><\/div><\/div><\/div><div id=\"pgc-1037-3-3\"  class=\"panel-grid-cell\" ><div class=\"panel-cell-style panel-cell-style-for-1037-3-3\" ><div id=\"panel-1037-3-3-0\" class=\"so-panel widget widget_sow-headline panel-first-child\" data-index=\"10\" ><div\n\t\t\t\n\t\t\tclass=\"so-widget-sow-headline so-widget-sow-headline-default-29604a07ee41-1037 so-widget-fittext-wrapper\"\n\t\t\t data-fit-text-compressor=\"0.85\"\n\t\t><div class=\"sow-headline-container \">\n\t\t\t\t\t\t\t<h1 class=\"sow-headline\">\n\t\t\t\t\t\t4\u00ba Passo - Mexedura\t\t\t\t\t\t<\/h1>\n\t\t\t\t\t\t<\/div>\n<\/div><\/div><div id=\"panel-1037-3-3-1\" class=\"widget_text so-panel widget widget_custom_html panel-last-child\" data-index=\"11\" ><div class=\"widget_text panel-widget-style panel-widget-style-for-1037-3-3-1\" ><div class=\"textwidget custom-html-widget\">Passado este tempo a coalhada \u00e9 agitada at\u00e9 que obtenhamos o gr\u00e3o desejado.\n<\/div><\/div><\/div><\/div><\/div><\/div><\/div><div id=\"pg-1037-4\"  class=\"panel-grid panel-has-style\" ><div class=\"siteorigin-panels-stretch panel-row-style panel-row-style-for-1037-4\" data-stretch-type=\"full-stretched\" ><div id=\"pgc-1037-4-0\"  class=\"panel-grid-cell\" ><div class=\"panel-cell-style panel-cell-style-for-1037-4-0\" ><div id=\"panel-1037-4-0-0\" class=\"so-panel widget widget_sow-headline panel-first-child\" data-index=\"12\" ><div\n\t\t\t\n\t\t\tclass=\"so-widget-sow-headline so-widget-sow-headline-default-29604a07ee41-1037 so-widget-fittext-wrapper\"\n\t\t\t data-fit-text-compressor=\"0.85\"\n\t\t><div class=\"sow-headline-container \">\n\t\t\t\t\t\t\t<h1 class=\"sow-headline\">\n\t\t\t\t\t\t5\u00ba Passo - Enchimento\t\t\t\t\t\t<\/h1>\n\t\t\t\t\t\t<\/div>\n<\/div><\/div><div id=\"panel-1037-4-0-1\" class=\"widget_text so-panel widget widget_custom_html panel-last-child\" data-index=\"13\" ><div class=\"widget_text panel-widget-style panel-widget-style-for-1037-4-0-1\" ><div class=\"textwidget custom-html-widget\">Depois de lavada a massa, esta \u00e9 colocada numa mesa onde se faz o dessoramento. O enchimento das formas \u00e9 feito manualmente.<\/div><\/div><\/div><\/div><\/div><div id=\"pgc-1037-4-1\"  class=\"panel-grid-cell\" ><div class=\"panel-cell-style panel-cell-style-for-1037-4-1\" ><div id=\"panel-1037-4-1-0\" class=\"so-panel widget widget_sow-headline panel-first-child\" data-index=\"14\" ><div\n\t\t\t\n\t\t\tclass=\"so-widget-sow-headline so-widget-sow-headline-default-29604a07ee41-1037 so-widget-fittext-wrapper\"\n\t\t\t data-fit-text-compressor=\"0.85\"\n\t\t><div class=\"sow-headline-container \">\n\t\t\t\t\t\t\t<h1 class=\"sow-headline\">\n\t\t\t\t\t\t6\u00ba Passo - Prensa\t\t\t\t\t\t<\/h1>\n\t\t\t\t\t\t<\/div>\n<\/div><\/div><div id=\"panel-1037-4-1-1\" class=\"widget_text so-panel widget widget_custom_html panel-last-child\" data-index=\"15\" ><div class=\"widget_text panel-widget-style panel-widget-style-for-1037-4-1-1\" ><div class=\"textwidget custom-html-widget\">Os queijos s\u00e3o prensados durante v\u00e1rias horas.<\/div><\/div><\/div><\/div><\/div><div id=\"pgc-1037-4-2\"  class=\"panel-grid-cell\" ><div class=\"panel-cell-style panel-cell-style-for-1037-4-2\" ><div id=\"panel-1037-4-2-0\" class=\"so-panel widget widget_sow-headline panel-first-child\" data-index=\"16\" ><div\n\t\t\t\n\t\t\tclass=\"so-widget-sow-headline so-widget-sow-headline-default-29604a07ee41-1037 so-widget-fittext-wrapper\"\n\t\t\t data-fit-text-compressor=\"0.85\"\n\t\t><div class=\"sow-headline-container \">\n\t\t\t\t\t\t\t<h1 class=\"sow-headline\">\n\t\t\t\t\t\t7\u00ba Passo - Salmoura\t\t\t\t\t\t<\/h1>\n\t\t\t\t\t\t<\/div>\n<\/div><\/div><div id=\"panel-1037-4-2-1\" class=\"widget_text so-panel widget widget_custom_html panel-last-child\" data-index=\"17\" ><div class=\"widget_text panel-widget-style panel-widget-style-for-1037-4-2-1\" ><div class=\"textwidget custom-html-widget\">Ap\u00f3s serem prensados, os queijos s\u00e3o desenformados e colocam-se numa salmoura durante v\u00e1rias horas para lhes dar uma maior intensidade de sabor!<\/div><\/div><\/div><\/div><\/div><div id=\"pgc-1037-4-3\"  class=\"panel-grid-cell\" ><div class=\"panel-cell-style panel-cell-style-for-1037-4-3\" ><div id=\"panel-1037-4-3-0\" class=\"so-panel widget widget_sow-headline panel-first-child\" data-index=\"18\" ><div\n\t\t\t\n\t\t\tclass=\"so-widget-sow-headline so-widget-sow-headline-default-c49372157017-1037 so-widget-fittext-wrapper\"\n\t\t\t data-fit-text-compressor=\"0.85\"\n\t\t><div class=\"sow-headline-container \">\n\t\t\t\t\t\t\t<h1 class=\"sow-headline\">\n\t\t\t\t\t\t8\u00ba Passo - C\u00e2maras de Cura\t\t\t\t\t\t<\/h1>\n\t\t\t\t\t\t<\/div>\n<\/div><\/div><div id=\"panel-1037-4-3-1\" class=\"widget_text so-panel widget widget_custom_html panel-last-child\" data-index=\"19\" ><div class=\"widget_text panel-widget-style panel-widget-style-for-1037-4-3-1\" ><div class=\"textwidget custom-html-widget\">Durante algum tempo os queijos maturam na nossa c\u00e2mara at\u00e9 alcan\u00e7arem o grau de matura\u00e7\u00e3o desejado. Os nosso queijos n\u00e3o levam nenhum tipo de aditivo ou conservante.\n<\/div><\/div><\/div><\/div><\/div><\/div><\/div><div id=\"pg-1037-5\"  class=\"panel-grid panel-has-style\" ><div class=\"siteorigin-panels-stretch panel-row-style panel-row-style-for-1037-5\" data-stretch-type=\"full-stretched\" ><div id=\"pgc-1037-5-0\"  class=\"panel-grid-cell\" ><div class=\"panel-cell-style panel-cell-style-for-1037-5-0\" ><div id=\"panel-1037-5-0-0\" class=\"so-panel widget widget_sow-headline panel-first-child\" data-index=\"20\" ><div\n\t\t\t\n\t\t\tclass=\"so-widget-sow-headline so-widget-sow-headline-default-29604a07ee41-1037 so-widget-fittext-wrapper\"\n\t\t\t data-fit-text-compressor=\"0.85\"\n\t\t><div class=\"sow-headline-container \">\n\t\t\t\t\t\t\t<h1 class=\"sow-headline\">\n\t\t\t\t\t\tProduto Final\t\t\t\t\t\t<\/h1>\n\t\t\t\t\t\t<\/div>\n<\/div><\/div><div id=\"panel-1037-5-0-1\" class=\"widget_text so-panel widget widget_custom_html panel-last-child\" data-index=\"21\" ><div class=\"widget_text panel-widget-style panel-widget-style-for-1037-5-0-1\" ><div class=\"textwidget custom-html-widget\">Os nossos queijos curados Flor do Vale prontos para a sua mesa\u2026<\/div><\/div><\/div><\/div><\/div><\/div><\/div><div id=\"pg-1037-6\"  class=\"panel-grid panel-has-style\" ><div class=\"siteorigin-panels-stretch panel-row-style panel-row-style-for-1037-6\" data-stretch-type=\"full-stretched\" ><div id=\"pgc-1037-6-0\"  class=\"panel-grid-cell\" ><div class=\"panel-cell-style panel-cell-style-for-1037-6-0\" ><div id=\"panel-1037-6-0-0\" class=\"widget_text so-panel widget widget_custom_html panel-first-child panel-last-child\" data-index=\"22\" ><div class=\"widget_text panel-widget-style panel-widget-style-for-1037-6-0-0\" ><div class=\"textwidget custom-html-widget\"><span style=\"font-size:13px;\">Copyright \u00a9 2018 Queijaria Flor do Vale. Todos os direitos reservados.<\/span>\n<br\/>\n<span style=\"font-size:13px;\"><a href=\"http:\/\/flor-do-vale.pt\/index.php\/privacidade\/\" style=\"color:#fff;\"><u>Pol\u00edtica de Privacidade<\/u><\/a><\/span>\n<\/div><\/div><\/div><\/div><\/div><div id=\"pgc-1037-6-1\"  class=\"panel-grid-cell\" ><div class=\"panel-cell-style panel-cell-style-for-1037-6-1\" ><div id=\"panel-1037-6-1-0\" class=\"widget_text so-panel widget widget_custom_html panel-first-child panel-last-child\" data-index=\"23\" ><div class=\"widget_text panel-widget-style panel-widget-style-for-1037-6-1-0\" ><div class=\"textwidget custom-html-widget\"><span style=\"font-size:13px;\">Powered by: <a href=\"http:\/\/datasafe.pt\" target=\"_blank\" style=\"color:#5eaad1\">DATASAFE<\/a><\/span><\/div><\/div><\/div><\/div><\/div><\/div><\/div><\/div>","protected":false},"excerpt":{"rendered":"<p>Queijos Curados Feito de leite pasteurizado de vaca, a Flor do Vale coloca ao seu dispor um queijo de cura mais ou menos prolongada, podendo encontrar o nosso queijo amanteigado, o queijo de pasta mole e o queijo de pasta semi-dura. O paladar pode variar de mais ou menos intenso e acidulado, sendo ainda marcado [&hellip;]<\/p>\n","protected":false},"author":1,"featured_media":0,"parent":0,"menu_order":0,"comment_status":"closed","ping_status":"closed","template":"","meta":{"footnotes":""},"class_list":["post-1037","page","type-page","status-publish","hentry"],"_links":{"self":[{"href":"http:\/\/flor-do-vale.pt\/index.php\/wp-json\/wp\/v2\/pages\/1037","targetHints":{"allow":["GET"]}}],"collection":[{"href":"http:\/\/flor-do-vale.pt\/index.php\/wp-json\/wp\/v2\/pages"}],"about":[{"href":"http:\/\/flor-do-vale.pt\/index.php\/wp-json\/wp\/v2\/types\/page"}],"author":[{"embeddable":true,"href":"http:\/\/flor-do-vale.pt\/index.php\/wp-json\/wp\/v2\/users\/1"}],"replies":[{"embeddable":true,"href":"http:\/\/flor-do-vale.pt\/index.php\/wp-json\/wp\/v2\/comments?post=1037"}],"version-history":[{"count":167,"href":"http:\/\/flor-do-vale.pt\/index.php\/wp-json\/wp\/v2\/pages\/1037\/revisions"}],"predecessor-version":[{"id":2762,"href":"http:\/\/flor-do-vale.pt\/index.php\/wp-json\/wp\/v2\/pages\/1037\/revisions\/2762"}],"wp:attachment":[{"href":"http:\/\/flor-do-vale.pt\/index.php\/wp-json\/wp\/v2\/media?parent=1037"}],"curies":[{"name":"wp","href":"https:\/\/api.w.org\/{rel}","templated":true}]}}